{"id":265,"date":"2024-08-09T07:22:15","date_gmt":"2024-08-09T07:22:15","guid":{"rendered":"https:\/\/activasad.com\/?page_id=265"},"modified":"2024-08-27T15:27:12","modified_gmt":"2024-08-27T15:27:12","slug":"planificacion-servicios-y-horarios","status":"publish","type":"page","link":"https:\/\/activasad.com\/index.php\/planificacion-servicios-y-horarios\/","title":{"rendered":"Planificaci\u00f3n servicios y horarios"},"content":{"rendered":"<p>[et_pb_section fb_built=\u00bb1&#8243; _builder_version=\u00bb4.23.1&#8243; _module_preset=\u00bbfb0a3fbe-5625-4ef5-a77b-06986f337b0e\u00bb da_disable_devices=\u00bboff|off|off\u00bb global_colors_info=\u00bb{}\u00bb da_is_popup=\u00bboff\u00bb da_exit_intent=\u00bboff\u00bb da_has_close=\u00bbon\u00bb da_alt_close=\u00bboff\u00bb da_dark_close=\u00bboff\u00bb da_not_modal=\u00bbon\u00bb da_is_singular=\u00bboff\u00bb da_with_loader=\u00bboff\u00bb da_has_shadow=\u00bbon\u00bb][et_pb_row _builder_version=\u00bb4.23.1&#8243; _module_preset=\u00bbdefault\u00bb global_colors_info=\u00bb{}\u00bb][et_pb_column type=\u00bb4_4&#8243; _builder_version=\u00bb4.23.1&#8243; _module_preset=\u00bbdefault\u00bb global_colors_info=\u00bb{}\u00bb][et_pb_text _builder_version=\u00bb4.23.1&#8243; _dynamic_attributes=\u00bbcontent\u00bb _module_preset=\u00bb8f5048b0-4307-4855-835b-c3e23fa1cc38&#8243; global_colors_info=\u00bb{}\u00bb]@ET-DC@eyJkeW5hbWljIjp0cnVlLCJjb250ZW50IjoicG9zdF90aXRsZSIsInNldHRpbmdzIjp7ImJlZm9yZSI6IiIsImFmdGVyIjoiIn19@[\/et_pb_text][\/et_pb_column][\/et_pb_row][\/et_pb_section][et_pb_section fb_built=\u00bb1&#8243; _builder_version=\u00bb4.23.1&#8243; _module_preset=\u00bbdefault\u00bb da_disable_devices=\u00bboff|off|off\u00bb global_colors_info=\u00bb{}\u00bb da_is_popup=\u00bboff\u00bb da_exit_intent=\u00bboff\u00bb da_has_close=\u00bbon\u00bb da_alt_close=\u00bboff\u00bb da_dark_close=\u00bboff\u00bb da_not_modal=\u00bbon\u00bb da_is_singular=\u00bboff\u00bb da_with_loader=\u00bboff\u00bb da_has_shadow=\u00bbon\u00bb][et_pb_row column_structure=\u00bb1_2,1_2&#8243; _builder_version=\u00bb4.23.1&#8243; _module_preset=\u00bbdefault\u00bb global_colors_info=\u00bb{}\u00bb][et_pb_column type=\u00bb1_2&#8243; _builder_version=\u00bb4.23.1&#8243; _module_preset=\u00bbdefault\u00bb global_colors_info=\u00bb{}\u00bb][et_pb_text _builder_version=\u00bb4.23.1&#8243; _module_preset=\u00bbdefault\u00bb text_font=\u00bbPoppins|600|||||||\u00bb text_text_color=\u00bb#000000&#8243; text_font_size=\u00bb24px\u00bb header_2_font=\u00bbPoppins|600|||||||\u00bb header_2_text_align=\u00bbleft\u00bb global_colors_info=\u00bb{}\u00bb]<\/p>\n<p><span data-contrast=\"auto\" xml:lang=\"ES-ES\" lang=\"ES-ES\" class=\"TextRun SCXW100276485 BCX0\"><span class=\"NormalTextRun SCXW100276485 BCX0\">Visualiza los servicios desde el calendario y gestiona los cambios.<\/span><\/span><span class=\"EOP SCXW100276485 BCX0\" data-ccp-props=\"{&quot;201341983&quot;:0,&quot;335559740&quot;:276}\">\u00a0<\/span><\/p>\n<p>[\/et_pb_text][et_pb_text _builder_version=\u00bb4.23.1&#8243; _module_preset=\u00bbdefault\u00bb global_colors_info=\u00bb{}\u00bb]<\/p>\n<p><span data-contrast=\"auto\">Sabemos lo dif\u00edcil que resulta organizar el trabajo de empleados en horarios individualizados\u00a0 para cada cliente, los imprevistos por bajas y otras ausencias y la gesti\u00f3n de los cambios cualquier d\u00eda de la semana.<\/span><span data-ccp-props=\"{&quot;201341983&quot;:0,&quot;335559740&quot;:276}\">\u00a0<\/span><\/p>\n<p><span data-contrast=\"auto\" style=\"font-size: 16px;\">Hemos dise\u00f1ado un sistema que te proporciona un control total del trabajo diario con cada Usuario y de cada Empleado. Podr\u00e1s crear servicios de diferentes caracter\u00edsticas (por horas, alquiler de ayudas t\u00e9cnicas, empleados de hogar, puntuales, etc.), crear tus propios tipos de servicios y asignarlos de forma puntual, para un periodo determinado o de forma indefinida.<\/span><span data-ccp-props=\"{&quot;201341983&quot;:0,&quot;335559740&quot;:276}\" style=\"font-size: 16px;\"> <\/span><span style=\"font-size: 16px;\">\u00a0<\/span><\/p>\n<p><span data-contrast=\"auto\">No s\u00f3lo eso. Que los imprevistos y los cambios no te absorban el d\u00eda a d\u00eda.<\/span><span data-ccp-props=\"{&quot;201341983&quot;:0,&quot;335559740&quot;:276}\">\u00a0<\/span><\/p>\n<p><span data-ccp-props=\"{&quot;201341983&quot;:0,&quot;335559740&quot;:276}\">Y<\/span><span data-contrast=\"auto\" style=\"font-size: 16px;\">\u00a0no te preocupes de cu\u00e1ndo o d\u00f3nde est\u00e1s. Puedes consultar y modificar en cualquier momento y desde cualquier lugar la agenda de cada trabajador o cliente.<\/span><span data-ccp-props=\"{&quot;201341983&quot;:0,&quot;335559740&quot;:276}\" style=\"font-size: 16px;\">\u00a0<\/span><\/p>\n<p><span data-ccp-props=\"{&quot;201341983&quot;:0,&quot;335559740&quot;:276}\">\u00a0<\/span><\/p>\n<p>[\/et_pb_text][et_pb_button button_text=\u00bbCont\u00e1ctanos\u00bb _builder_version=\u00bb4.23.1&#8243; _module_preset=\u00bbdefault\u00bb hover_enabled=\u00bb0&#8243; global_colors_info=\u00bb{}\u00bb sticky_enabled=\u00bb0&#8243;][\/et_pb_button][\/et_pb_column][et_pb_column type=\u00bb1_2&#8243; _builder_version=\u00bb4.23.1&#8243; _module_preset=\u00bbdefault\u00bb global_colors_info=\u00bb{}\u00bb][et_pb_text _builder_version=\u00bb4.23.1&#8243; _module_preset=\u00bbdefault\u00bb text_text_color=\u00bb#000000&#8243; max_height=\u00bb410px\u00bb custom_padding=\u00bb20px|20px|20px|46px|false|false\u00bb custom_css_free_form=\u00bbul li::marker {||  color: rgb(53,184,230);||}||ul ul li::marker {||  color: rgb(123,201,229);||}\u00bb border_radii=\u00bbon|14px|14px|14px|14px\u00bb box_shadow_style=\u00bbpreset1&#8243; box_shadow_horizontal=\u00bb-14px\u00bb box_shadow_vertical=\u00bb4px\u00bb box_shadow_blur=\u00bb26px\u00bb box_shadow_spread=\u00bb-13px\u00bb global_colors_info=\u00bb{}\u00bb]<\/p>\n<ul>\n<li data-leveltext=\"\u25cf\" data-font=\"\" data-listid=\"6\" data-list-defn-props=\"{&quot;335552541&quot;:1,&quot;335559685&quot;:720,&quot;335559991&quot;:360,&quot;469769242&quot;:[8226],&quot;469777803&quot;:&quot;left&quot;,&quot;469777804&quot;:&quot;\u25cf&quot;,&quot;469777815&quot;:&quot;multilevel&quot;}\" aria-setsize=\"-1\" data-aria-posinset=\"1\" data-aria-level=\"1\"><strong>Servicios:<\/strong><span data-ccp-props=\"{&quot;201341983&quot;:0,&quot;335559740&quot;:276}\">\u00a0<\/span>\n<ul>\n<li data-leveltext=\"\u25cf\" data-font=\"\" data-listid=\"6\" data-list-defn-props=\"{&quot;335552541&quot;:1,&quot;335559685&quot;:720,&quot;335559991&quot;:360,&quot;469769242&quot;:[8226],&quot;469777803&quot;:&quot;left&quot;,&quot;469777804&quot;:&quot;\u25cf&quot;,&quot;469777815&quot;:&quot;multilevel&quot;}\" aria-setsize=\"-1\" data-aria-posinset=\"1\" data-aria-level=\"1\"><span data-contrast=\"auto\">Personalizados por horas<\/span><span data-ccp-props=\"{&quot;201341983&quot;:0,&quot;335559740&quot;:276}\">\u00a0<\/span><\/li>\n<li data-leveltext=\"\u25cf\" data-font=\"\" data-listid=\"6\" data-list-defn-props=\"{&quot;335552541&quot;:1,&quot;335559685&quot;:720,&quot;335559991&quot;:360,&quot;469769242&quot;:[8226],&quot;469777803&quot;:&quot;left&quot;,&quot;469777804&quot;:&quot;\u25cf&quot;,&quot;469777815&quot;:&quot;multilevel&quot;}\" aria-setsize=\"-1\" data-aria-posinset=\"1\" data-aria-level=\"1\"><span data-contrast=\"auto\">Empleados de hogar<\/span><span data-ccp-props=\"{&quot;201341983&quot;:0,&quot;335559740&quot;:276}\">\u00a0<\/span><\/li>\n<li data-leveltext=\"\u25cf\" data-font=\"\" data-listid=\"6\" data-list-defn-props=\"{&quot;335552541&quot;:1,&quot;335559685&quot;:720,&quot;335559991&quot;:360,&quot;469769242&quot;:[8226],&quot;469777803&quot;:&quot;left&quot;,&quot;469777804&quot;:&quot;\u25cf&quot;,&quot;469777815&quot;:&quot;multilevel&quot;}\" aria-setsize=\"-1\" data-aria-posinset=\"1\" data-aria-level=\"1\"><span data-contrast=\"auto\">Otro tipo de servicios<\/span><span data-ccp-props=\"{&quot;201341983&quot;:0,&quot;335559740&quot;:276}\">\u00a0<\/span><\/li>\n<\/ul>\n<\/li>\n<li data-leveltext=\"\u25cf\" data-font=\"\" data-listid=\"6\" data-list-defn-props=\"{&quot;335552541&quot;:1,&quot;335559685&quot;:720,&quot;335559991&quot;:360,&quot;469769242&quot;:[8226],&quot;469777803&quot;:&quot;left&quot;,&quot;469777804&quot;:&quot;\u25cf&quot;,&quot;469777815&quot;:&quot;multilevel&quot;}\" aria-setsize=\"-1\" data-aria-posinset=\"1\" data-aria-level=\"1\"><strong>Gesti\u00f3n de:<\/strong>\n<ul>\n<li data-leveltext=\"\u25cf\" data-font=\"\" data-listid=\"6\" data-list-defn-props=\"{&quot;335552541&quot;:1,&quot;335559685&quot;:720,&quot;335559991&quot;:360,&quot;469769242&quot;:[8226],&quot;469777803&quot;:&quot;left&quot;,&quot;469777804&quot;:&quot;\u25cf&quot;,&quot;469777815&quot;:&quot;multilevel&quot;}\" aria-setsize=\"-1\" data-aria-posinset=\"1\" data-aria-level=\"1\"><span data-contrast=\"auto\">Servicios (por delegaci\u00f3n)<\/span><span data-ccp-props=\"{&quot;201341983&quot;:0,&quot;335559740&quot;:276}\">\u00a0<\/span><\/li>\n<li data-leveltext=\"\u25cf\" data-font=\"\" data-listid=\"6\" data-list-defn-props=\"{&quot;335552541&quot;:1,&quot;335559685&quot;:720,&quot;335559991&quot;:360,&quot;469769242&quot;:[8226],&quot;469777803&quot;:&quot;left&quot;,&quot;469777804&quot;:&quot;\u25cf&quot;,&quot;469777815&quot;:&quot;multilevel&quot;}\" aria-setsize=\"-1\" data-aria-posinset=\"1\" data-aria-level=\"1\"><span data-contrast=\"auto\">Ausencias:<\/span><span data-ccp-props=\"{&quot;201341983&quot;:0,&quot;335559740&quot;:276}\">\u00a0<\/span>\n<ul>\n<li data-leveltext=\"\u25cf\" data-font=\"\" data-listid=\"6\" data-list-defn-props=\"{&quot;335552541&quot;:1,&quot;335559685&quot;:720,&quot;335559991&quot;:360,&quot;469769242&quot;:[8226],&quot;469777803&quot;:&quot;left&quot;,&quot;469777804&quot;:&quot;\u25cf&quot;,&quot;469777815&quot;:&quot;multilevel&quot;}\" aria-setsize=\"-1\" data-aria-posinset=\"1\" data-aria-level=\"1\"><span data-contrast=\"auto\">Empleados<\/span><\/li>\n<li data-leveltext=\"\u25cf\" data-font=\"\" data-listid=\"6\" data-list-defn-props=\"{&quot;335552541&quot;:1,&quot;335559685&quot;:720,&quot;335559991&quot;:360,&quot;469769242&quot;:[8226],&quot;469777803&quot;:&quot;left&quot;,&quot;469777804&quot;:&quot;\u25cf&quot;,&quot;469777815&quot;:&quot;multilevel&quot;}\" aria-setsize=\"-1\" data-aria-posinset=\"1\" data-aria-level=\"1\"><span data-contrast=\"auto\">Clientes<\/span><\/li>\n<\/ul>\n<\/li>\n<\/ul>\n<\/li>\n<li data-leveltext=\"\u25cf\" data-font=\"\" data-listid=\"6\" data-list-defn-props=\"{&quot;335552541&quot;:1,&quot;335559685&quot;:720,&quot;335559991&quot;:360,&quot;469769242&quot;:[8226],&quot;469777803&quot;:&quot;left&quot;,&quot;469777804&quot;:&quot;\u25cf&quot;,&quot;469777815&quot;:&quot;multilevel&quot;}\" aria-setsize=\"-1\" data-aria-posinset=\"1\" data-aria-level=\"1\"><strong>Planificaci\u00f3n de servicios a empleados<\/strong><\/li>\n<li data-leveltext=\"\u25cf\" data-font=\"\" data-listid=\"6\" data-list-defn-props=\"{&quot;335552541&quot;:1,&quot;335559685&quot;:720,&quot;335559991&quot;:360,&quot;469769242&quot;:[8226],&quot;469777803&quot;:&quot;left&quot;,&quot;469777804&quot;:&quot;\u25cf&quot;,&quot;469777815&quot;:&quot;multilevel&quot;}\" aria-setsize=\"-1\" data-aria-posinset=\"1\" data-aria-level=\"1\"><strong>Creaci\u00f3n de servicios puntuales<\/strong><\/li>\n<li data-leveltext=\"\u25cf\" data-font=\"\" data-listid=\"6\" data-list-defn-props=\"{&quot;335552541&quot;:1,&quot;335559685&quot;:720,&quot;335559991&quot;:360,&quot;469769242&quot;:[8226],&quot;469777803&quot;:&quot;left&quot;,&quot;469777804&quot;:&quot;\u25cf&quot;,&quot;469777815&quot;:&quot;multilevel&quot;}\" aria-setsize=\"-1\" data-aria-posinset=\"1\" data-aria-level=\"1\"><strong>Calendario de servicios por cliente y empleado\u00a0<\/strong><span data-ccp-props=\"{&quot;201341983&quot;:0,&quot;335559740&quot;:276}\"><\/span><\/li>\n<\/ul>\n<ul><\/ul>\n<ul><\/ul>\n<ul><\/ul>\n<ul><\/ul>\n<ul><\/ul>\n<ul><\/ul>\n<ul><\/ul>\n<ul><\/ul>\n<ul><\/ul>\n<ul><\/ul>\n<p>[\/et_pb_text][\/et_pb_column][\/et_pb_row][et_pb_row _builder_version=\u00bb4.23.1&#8243; _module_preset=\u00bbdefault\u00bb global_colors_info=\u00bb{}\u00bb][et_pb_column type=\u00bb4_4&#8243; _builder_version=\u00bb4.23.1&#8243; _module_preset=\u00bbdefault\u00bb global_colors_info=\u00bb{}\u00bb][et_pb_gallery gallery_ids=\u00bb280,275,276,281&#8243; _builder_version=\u00bb4.23.1&#8243; _module_preset=\u00bbdefault\u00bb background_color=\u00bbRGBA(255,255,255,0)\u00bb hover_enabled=\u00bb0&#8243; global_colors_info=\u00bb{}\u00bb fullwidth=\u00bbon\u00bb sticky_enabled=\u00bb0&#8243;][\/et_pb_gallery][et_pb_text _builder_version=\u00bb4.23.1&#8243; _module_preset=\u00bbdefault\u00bb hover_enabled=\u00bb0&#8243; global_colors_info=\u00bb{}\u00bb sticky_enabled=\u00bb0&#8243;]<\/p>\n<h2 style=\"text-align: center;\"><strong>Con ActivaSAD<\/strong><\/h2>\n<ul>\n<li style=\"text-align: left;\"><strong>Planifica los servicios<\/strong> para un <em>periodo determinado o indefinidamente<\/em>. Asigna a un usuario o varios trabajadores en cada d\u00eda de la semana y franja horaria. Define si los empleados prestan servicio los d\u00edas festivos y gestiona las sustituciones.<\/li>\n<li style=\"text-align: left;\"><strong>Sustituciones por bajas e imprevistos<\/strong>.\n<ul>\n<li style=\"text-align: left;\">Sustituye a un trabajador que no puede realizar en un servicio por otro que tenga disponibilidad con el planificador de horarios.<\/li>\n<li style=\"text-align: left;\">Gestiona con el planificador las sustituciones por vacaciones o bajas temporales de un trabajador, haz un seguimiento de los cambios y deja que el software vuelva a asignar autom\u00e1ticamente al trabajador habitual cuando vuelve de su ausencia.<\/li>\n<li style=\"text-align: left;\">Eval\u00faa las cargas de trabajo de cada empleado, la disponibilidad para prestar servicios y prev\u00e9 en qu\u00e9 d\u00edas y franjas necesitas m\u00e1s empleados para trabajar.<\/li>\n<\/ul>\n<\/li>\n<li style=\"text-align: left;\">Haz una <strong>gesti\u00f3n activa de la capacidad de tu empresa<\/strong> para atender los servicios que te solicitan. Revisa gr\u00e1ficamente en qu\u00e9 momentos necesitas m\u00e1s personal y con que competencia t\u00e9cnica<\/li>\n<\/ul>\n<p>[\/et_pb_text][\/et_pb_column][\/et_pb_row][\/et_pb_section][et_pb_section fb_built=\u00bb1&#8243; disabled_on=\u00bbon|on|on\u00bb _builder_version=\u00bb4.23.1&#8243; _module_preset=\u00bbdefault\u00bb custom_padding=\u00bb52px|||||\u00bb da_disable_devices=\u00bboff|off|off\u00bb disabled=\u00bbon\u00bb global_colors_info=\u00bb{}\u00bb da_is_popup=\u00bboff\u00bb da_exit_intent=\u00bboff\u00bb da_has_close=\u00bbon\u00bb da_alt_close=\u00bboff\u00bb da_dark_close=\u00bboff\u00bb da_not_modal=\u00bbon\u00bb da_is_singular=\u00bboff\u00bb da_with_loader=\u00bboff\u00bb da_has_shadow=\u00bbon\u00bb][et_pb_row _builder_version=\u00bb4.23.1&#8243; _module_preset=\u00bbdefault\u00bb global_colors_info=\u00bb{}\u00bb][et_pb_column type=\u00bb4_4&#8243; _builder_version=\u00bb4.23.1&#8243; _module_preset=\u00bbdefault\u00bb global_colors_info=\u00bb{}\u00bb][et_pb_text _builder_version=\u00bb4.23.1&#8243; _module_preset=\u00bbdefault\u00bb global_colors_info=\u00bb{}\u00bb]<\/p>\n<p>Descubre m\u00e1s funcionalidades:<\/p>\n<p>[\/et_pb_text][\/et_pb_column][\/et_pb_row][et_pb_row column_structure=\u00bb1_4,1_4,1_4,1_4&#8243; _builder_version=\u00bb4.23.1&#8243; _module_preset=\u00bbdefault\u00bb locked=\u00bboff\u00bb global_colors_info=\u00bb{}\u00bb][et_pb_column type=\u00bb1_4&#8243; _builder_version=\u00bb4.23.1&#8243; _module_preset=\u00bbdefault\u00bb global_colors_info=\u00bb{}\u00bb][et_pb_blurb title=\u00bbSETUP INICIAL, MIGRACI\u00d3N Y SOPORTE\u00bb url=\u00bb@ET-DC@eyJkeW5hbWljIjp0cnVlLCJjb250ZW50IjoicG9zdF9saW5rX3VybF9wYWdlIiwic2V0dGluZ3MiOnsicG9zdF9pZCI6IjE0OCJ9fQ==@\u00bb use_icon=\u00bbon\u00bb font_icon=\u00bb&#xf552;||fa||900&#8243; _builder_version=\u00bb4.23.1&#8243; _dynamic_attributes=\u00bburl\u00bb _module_preset=\u00bbf04e5395-10a4-4688-9a50-11ddf62cdf47&#8243; global_colors_info=\u00bb{}\u00bb content__hover_enabled=\u00bboff|desktop\u00bb][\/et_pb_blurb][\/et_pb_column][et_pb_column type=\u00bb1_4&#8243; _builder_version=\u00bb4.23.1&#8243; _module_preset=\u00bbdefault\u00bb global_colors_info=\u00bb{}\u00bb][et_pb_blurb title=\u00bbINSTALACI\u00d3N Y SEGURIDAD\u00bb url=\u00bb@ET-DC@eyJkeW5hbWljIjp0cnVlLCJjb250ZW50IjoicG9zdF9saW5rX3VybF9wYWdlIiwic2V0dGluZ3MiOnsicG9zdF9pZCI6IjE1MSJ9fQ==@\u00bb use_icon=\u00bbon\u00bb font_icon=\u00bb&#xe035;||divi||400&#8243; _builder_version=\u00bb4.23.1&#8243; _dynamic_attributes=\u00bburl\u00bb _module_preset=\u00bbf04e5395-10a4-4688-9a50-11ddf62cdf47&#8243; global_colors_info=\u00bb{}\u00bb content__hover_enabled=\u00bboff|desktop\u00bb][\/et_pb_blurb][\/et_pb_column][et_pb_column type=\u00bb1_4&#8243; _builder_version=\u00bb4.23.1&#8243; _module_preset=\u00bbdefault\u00bb global_colors_info=\u00bb{}\u00bb][et_pb_blurb title=\u00bbBASES DE DATOS\u00bb url=\u00bb@ET-DC@eyJkeW5hbWljIjp0cnVlLCJjb250ZW50IjoicG9zdF9saW5rX3VybF9wYWdlIiwic2V0dGluZ3MiOnsicG9zdF9pZCI6IjE2OSJ9fQ==@\u00bb use_icon=\u00bbon\u00bb font_icon=\u00bb&#xf1c0;||fa||900&#8243; _builder_version=\u00bb4.23.1&#8243; _dynamic_attributes=\u00bburl\u00bb _module_preset=\u00bbf04e5395-10a4-4688-9a50-11ddf62cdf47&#8243; global_colors_info=\u00bb{}\u00bb][\/et_pb_blurb][\/et_pb_column][et_pb_column type=\u00bb1_4&#8243; _builder_version=\u00bb4.23.1&#8243; _module_preset=\u00bbdefault\u00bb global_colors_info=\u00bb{}\u00bb][et_pb_blurb title=\u00bbUTILIDADES\u00bb use_icon=\u00bbon\u00bb font_icon=\u00bb&#xf0ad;||fa||900&#8243; _builder_version=\u00bb4.23.1&#8243; _module_preset=\u00bbf04e5395-10a4-4688-9a50-11ddf62cdf47&#8243; global_colors_info=\u00bb{%22gcid-cea8584b-4257-4ff7-99b7-ffeb038f6ed7%22:%91%22icon_color__hover%22%93}\u00bb content__hover_enabled=\u00bboff|desktop\u00bb box_shadow_spread__hover_enabled=\u00bboff|hover\u00bb][\/et_pb_blurb][\/et_pb_column][\/et_pb_row][\/et_pb_section]<\/p>\n","protected":false},"excerpt":{"rendered":"<p>Visualiza los servicios desde el calendario y gestiona los cambios.\u00a0Sabemos lo dif\u00edcil que resulta organizar el trabajo de empleados en horarios individualizados\u00a0 para cada cliente, los imprevistos por bajas y otras ausencias y la gesti\u00f3n de los cambios cualquier d\u00eda de la semana.\u00a0 Hemos dise\u00f1ado un sistema que te proporciona un control total del trabajo [&hellip;]<\/p>\n","protected":false},"author":1,"featured_media":0,"parent":0,"menu_order":0,"comment_status":"closed","ping_status":"closed","template":"","meta":{"_et_pb_use_builder":"on","_et_pb_old_content":"","_et_gb_content_width":"","footnotes":""},"class_list":["post-265","page","type-page","status-publish","hentry"],"_links":{"self":[{"href":"https:\/\/activasad.com\/index.php\/wp-json\/wp\/v2\/pages\/265","targetHints":{"allow":["GET"]}}],"collection":[{"href":"https:\/\/activasad.com\/index.php\/wp-json\/wp\/v2\/pages"}],"about":[{"href":"https:\/\/activasad.com\/index.php\/wp-json\/wp\/v2\/types\/page"}],"author":[{"embeddable":true,"href":"https:\/\/activasad.com\/index.php\/wp-json\/wp\/v2\/users\/1"}],"replies":[{"embeddable":true,"href":"https:\/\/activasad.com\/index.php\/wp-json\/wp\/v2\/comments?post=265"}],"version-history":[{"count":12,"href":"https:\/\/activasad.com\/index.php\/wp-json\/wp\/v2\/pages\/265\/revisions"}],"predecessor-version":[{"id":448,"href":"https:\/\/activasad.com\/index.php\/wp-json\/wp\/v2\/pages\/265\/revisions\/448"}],"wp:attachment":[{"href":"https:\/\/activasad.com\/index.php\/wp-json\/wp\/v2\/media?parent=265"}],"curies":[{"name":"wp","href":"https:\/\/api.w.org\/{rel}","templated":true}]}}