{"id":467,"date":"2024-08-28T11:12:38","date_gmt":"2024-08-28T11:12:38","guid":{"rendered":"https:\/\/activasad.com\/?page_id=467"},"modified":"2024-08-28T11:24:20","modified_gmt":"2024-08-28T11:24:20","slug":"467-2","status":"publish","type":"page","link":"https:\/\/activasad.com\/index.php\/467-2\/","title":{"rendered":"Facturaci\u00f3n Horaria"},"content":{"rendered":"<p>[et_pb_section fb_built=\u00bb1&#8243; _builder_version=\u00bb4.23.1&#8243; _module_preset=\u00bbfb0a3fbe-5625-4ef5-a77b-06986f337b0e\u00bb da_disable_devices=\u00bboff|off|off\u00bb global_colors_info=\u00bb{}\u00bb da_is_popup=\u00bboff\u00bb da_exit_intent=\u00bboff\u00bb da_has_close=\u00bbon\u00bb da_alt_close=\u00bboff\u00bb da_dark_close=\u00bboff\u00bb da_not_modal=\u00bbon\u00bb da_is_singular=\u00bboff\u00bb da_with_loader=\u00bboff\u00bb da_has_shadow=\u00bbon\u00bb][et_pb_row _builder_version=\u00bb4.23.1&#8243; _module_preset=\u00bbdefault\u00bb global_colors_info=\u00bb{}\u00bb][et_pb_column type=\u00bb4_4&#8243; _builder_version=\u00bb4.23.1&#8243; _module_preset=\u00bbdefault\u00bb global_colors_info=\u00bb{}\u00bb][et_pb_text _builder_version=\u00bb4.23.1&#8243; _dynamic_attributes=\u00bbcontent\u00bb _module_preset=\u00bb8f5048b0-4307-4855-835b-c3e23fa1cc38&#8243; global_colors_info=\u00bb{}\u00bb]@ET-DC@eyJkeW5hbWljIjp0cnVlLCJjb250ZW50IjoicG9zdF90aXRsZSIsInNldHRpbmdzIjp7ImJlZm9yZSI6IiIsImFmdGVyIjoiIn19@[\/et_pb_text][\/et_pb_column][\/et_pb_row][\/et_pb_section][et_pb_section fb_built=\u00bb1&#8243; _builder_version=\u00bb4.23.1&#8243; _module_preset=\u00bbdefault\u00bb da_disable_devices=\u00bboff|off|off\u00bb global_colors_info=\u00bb{}\u00bb da_is_popup=\u00bboff\u00bb da_exit_intent=\u00bboff\u00bb da_has_close=\u00bbon\u00bb da_alt_close=\u00bboff\u00bb da_dark_close=\u00bboff\u00bb da_not_modal=\u00bbon\u00bb da_is_singular=\u00bboff\u00bb da_with_loader=\u00bboff\u00bb da_has_shadow=\u00bbon\u00bb][et_pb_row column_structure=\u00bb1_2,1_2&#8243; _builder_version=\u00bb4.23.1&#8243; _module_preset=\u00bbdefault\u00bb global_colors_info=\u00bb{}\u00bb][et_pb_column type=\u00bb1_2&#8243; _builder_version=\u00bb4.23.1&#8243; _module_preset=\u00bbdefault\u00bb global_colors_info=\u00bb{}\u00bb][et_pb_text _builder_version=\u00bb4.23.1&#8243; _module_preset=\u00bbdefault\u00bb text_font=\u00bbPoppins|600|||||||\u00bb text_text_color=\u00bb#000000&#8243; text_font_size=\u00bb24px\u00bb header_2_font=\u00bbPoppins|600|||||||\u00bb header_2_text_align=\u00bbleft\u00bb global_colors_info=\u00bb{}\u00bb]<\/p>\n<p>S\u00f3lo tienes que configurar los horarios de servicios a domicilio para que el software facture por ti todos los meses, emita las remesas bancarias y env\u00ede las facturas a los clientes.<\/p>\n<p>[\/et_pb_text][et_pb_text _builder_version=\u00bb4.23.1&#8243; _module_preset=\u00bbdefault\u00bb global_colors_info=\u00bb{}\u00bb]<\/p>\n<p>El proceso general de facturaci\u00f3n por horas en servicios a domicilio es realmente complejo. Hay que gestionar cientos de servicios, clientes y empleados. Atender las incidencias y realizar cambios de servicios por diferentes motivos como sustituciones o solicitudes de clientes. Todo ello genera un volumen muy alto de trabajo administrativo y errores.<\/p>\n<p>Hemos dise\u00f1ado ActivaSAD para guiar el proceso de facturaci\u00f3n desde el Alta de Contrato. Una vez has creado los horarios y asignado a los empleados, todo el proceso est\u00e1 automatizado. Preoc\u00fapate s\u00f3lo de realizar un buen seguimiento del servicio. Por supuesto, controlar\u00e1s en todo momento el proceso para aprobar la emisi\u00f3n de facturas y realizar cambios.\u00a0<\/p>\n<p>&nbsp;<\/p>\n<p>[\/et_pb_text][et_pb_button button_text=\u00bbCont\u00e1ctanos\u00bb _builder_version=\u00bb4.23.1&#8243; _module_preset=\u00bbdefault\u00bb global_colors_info=\u00bb{}\u00bb][\/et_pb_button][\/et_pb_column][et_pb_column type=\u00bb1_2&#8243; _builder_version=\u00bb4.23.1&#8243; _module_preset=\u00bbdefault\u00bb global_colors_info=\u00bb{}\u00bb][et_pb_text _builder_version=\u00bb4.23.1&#8243; _module_preset=\u00bbdefault\u00bb text_text_color=\u00bb#000000&#8243; custom_padding=\u00bb20px|20px|20px|46px|false|false\u00bb custom_css_free_form=\u00bbul li::marker {||  color: rgb(53,184,230);||}||ul ul li::marker {||  color: rgb(123,201,229);||}\u00bb border_radii=\u00bbon|14px|14px|14px|14px\u00bb box_shadow_style=\u00bbpreset1&#8243; box_shadow_horizontal=\u00bb-14px\u00bb box_shadow_vertical=\u00bb4px\u00bb box_shadow_blur=\u00bb26px\u00bb box_shadow_spread=\u00bb-13px\u00bb global_colors_info=\u00bb{}\u00bb]<\/p>\n<ul>\n<li>Revisi\u00f3n horas trabajadas para la facturaci\u00f3n<\/li>\n<li>Facturaci\u00f3n:\n<ul>\n<li>Manual<\/li>\n<li>Automatizada<\/li>\n<li>Electr\u00f3nica (FACE)<\/li>\n<\/ul>\n<\/li>\n<li>Factura en pdf<\/li>\n<li>Env\u00edo de factura por:\n<ul>\n<li>Mail<\/li>\n<li>Publicaci\u00f3n en Portal de familias<\/li>\n<\/ul>\n<\/li>\n<li>Generaci\u00f3n remesa bancaria<\/li>\n<li>Comprobaci\u00f3n de cobros<\/li>\n<\/ul>\n<p>[\/et_pb_text][\/et_pb_column][\/et_pb_row][et_pb_row _builder_version=\u00bb4.23.1&#8243; _module_preset=\u00bbdefault\u00bb global_colors_info=\u00bb{}\u00bb][et_pb_column type=\u00bb4_4&#8243; _builder_version=\u00bb4.23.1&#8243; _module_preset=\u00bbdefault\u00bb global_colors_info=\u00bb{}\u00bb][et_pb_slider _builder_version=\u00bb4.23.1&#8243; _module_preset=\u00bbdefault\u00bb background_color=\u00bb#0e9dcf\u00bb hover_enabled=\u00bb0&#8243; global_colors_info=\u00bb{}\u00bb sticky_enabled=\u00bb0&#8243;][et_pb_slide heading=\u00bbFacturaci\u00f3n a un click\u00bb button_text=\u00bbClics\u00bb image=\u00bbhttps:\/\/activasad.com\/wp-content\/uploads\/2024\/08\/Facturacion.-Por-horasproductospendientecomprobacionremesas.png\u00bb button_text_last_edited=\u00bboff|desktop\u00bb _builder_version=\u00bb4.23.1&#8243; _module_preset=\u00bbdefault\u00bb background_color=\u00bb#0e9dcf\u00bb background_enable_color=\u00bbon\u00bb hover_enabled=\u00bb0&#8243; global_colors_info=\u00bb{}\u00bb sticky_transition=\u00bbon\u00bb sticky_enabled=\u00bb0&#8243;]<\/p>\n<p>Algunas de las funciones de facturaci\u00f3n. Crea facturas r\u00e1pidamente y emite remesas de domiciliaci\u00f3n.<\/p>\n<p>[\/et_pb_slide][et_pb_slide heading=\u00bbNo dejes ning\u00fan servicio sin facturar.\u00bb button_text=\u00bbClics\u00bb image=\u00bbhttps:\/\/activasad.com\/wp-content\/uploads\/2024\/08\/Factura.-Creacion-de-lineas-a-facturar-1.png\u00bb button_text_last_edited=\u00bboff|desktop\u00bb _builder_version=\u00bb4.23.1&#8243; _module_preset=\u00bbdefault\u00bb background_color=\u00bb#0e9dcf\u00bb background_enable_color=\u00bbon\u00bb hover_enabled=\u00bb0&#8243; global_colors_info=\u00bb{}\u00bb sticky_transition=\u00bbon\u00bb sticky_enabled=\u00bb0&#8243;]<\/p>\n<p>Con nuestro potente gestor de servicios podr\u00e1s crear facturas r\u00e1pidamente: precios predefinidos, asignaci\u00f3n de impuestos autom\u00e1tica, definir formas de pago, etc.<\/p>\n<p>[\/et_pb_slide][et_pb_slide heading=\u00bbFacturaci\u00f3n en Lote\u00bb button_text=\u00bbClics\u00bb image=\u00bbhttps:\/\/activasad.com\/wp-content\/uploads\/2024\/08\/Factura.-Informe-facturas-horas-1.png\u00bb button_text_last_edited=\u00bboff|desktop\u00bb _builder_version=\u00bb4.23.1&#8243; _module_preset=\u00bbdefault\u00bb background_color=\u00bb#0e9dcf\u00bb background_enable_color=\u00bbon\u00bb hover_enabled=\u00bb0&#8243; global_colors_info=\u00bb{}\u00bb sticky_transition=\u00bbon\u00bb sticky_enabled=\u00bb0&#8243;]<\/p>\n<p>Nuestro sistema genera las facturas a cada cliente a partir de las horas aprobadas a los empleados. Haz que la emisi\u00f3n mensual de facturas sea un proceso natural y \u00e1gil.<\/p>\n<p>[\/et_pb_slide][et_pb_slide heading=\u00bb\u00bfMe deben algo?\u00bb button_text=\u00bbClics\u00bb image=\u00bbhttps:\/\/activasad.com\/wp-content\/uploads\/2024\/08\/Factura.-Comprobacion-cobro-1.png\u00bb button_text_last_edited=\u00bboff|desktop\u00bb _builder_version=\u00bb4.23.1&#8243; _module_preset=\u00bbdefault\u00bb background_color=\u00bb#0e9dcf\u00bb background_enable_color=\u00bbon\u00bb hover_enabled=\u00bb0&#8243; global_colors_info=\u00bb{}\u00bb sticky_transition=\u00bbon\u00bb sticky_enabled=\u00bb0&#8243;]<\/p>\n<p>Supervisa los pagos de los clientes seg\u00fan la forma de pago establecida. Gestiona las incidencias que se produzcan con el cobro.<\/p>\n<p>[\/et_pb_slide][\/et_pb_slider][et_pb_text _builder_version=\u00bb4.23.1&#8243; _module_preset=\u00bbdefault\u00bb global_colors_info=\u00bb{}\u00bb]<\/p>\n<h3 style=\"text-align: center;\"><strong>La facturaci\u00f3n horaria te permite&#8230;<\/strong><\/h3>\n<ul>\n<li style=\"text-align: left;\">Revisar las horas realizadas por los empleados y corregir en l\u00ednea los errores o cambios antes de facturar.<\/li>\n<li style=\"text-align: left;\">Obtener un<strong> informe de facturas pendientes de emitir<\/strong> a partir de las horas realizadas.<\/li>\n<li style=\"text-align: left;\">Generar <strong>facturas en lote<\/strong> de forma mensual por <span style=\"text-decoration: underline;\">series de facturaci\u00f3n, delegaciones, etc<\/span>.<\/li>\n<li style=\"text-align: left;\">Enviar las facturas a los clientes por correo electr\u00f3nico<\/li>\n<li style=\"text-align: left;\">Publicar las facturas en el Portal de Familias.<\/li>\n<li style=\"text-align: left;\">Emitir <strong>remesas bancarias<\/strong> para su domiciliaci\u00f3n.\u00a0<\/li>\n<li style=\"text-align: left;\">Comprobar pagos realizados y gestionar incidencias.<\/li>\n<\/ul>\n<p>[\/et_pb_text][\/et_pb_column][\/et_pb_row][\/et_pb_section][et_pb_section fb_built=\u00bb1&#8243; _builder_version=\u00bb4.23.1&#8243; _module_preset=\u00bbdefault\u00bb da_disable_devices=\u00bboff|off|off\u00bb global_colors_info=\u00bb{}\u00bb da_is_popup=\u00bboff\u00bb da_exit_intent=\u00bboff\u00bb da_has_close=\u00bbon\u00bb da_alt_close=\u00bboff\u00bb da_dark_close=\u00bboff\u00bb da_not_modal=\u00bbon\u00bb da_is_singular=\u00bboff\u00bb da_with_loader=\u00bboff\u00bb da_has_shadow=\u00bbon\u00bb][et_pb_row column_structure=\u00bb1_6,1_6,1_6,1_6,1_6,1_6&#8243; _builder_version=\u00bb4.23.1&#8243; _module_preset=\u00bbdefault\u00bb global_colors_info=\u00bb{}\u00bb][et_pb_column type=\u00bb1_6&#8243; _builder_version=\u00bb4.23.1&#8243; _module_preset=\u00bbdefault\u00bb global_colors_info=\u00bb{}\u00bb][\/et_pb_column][et_pb_column type=\u00bb1_6&#8243; _builder_version=\u00bb4.23.1&#8243; _module_preset=\u00bbdefault\u00bb global_colors_info=\u00bb{}\u00bb][\/et_pb_column][et_pb_column type=\u00bb1_6&#8243; _builder_version=\u00bb4.23.1&#8243; _module_preset=\u00bbdefault\u00bb global_colors_info=\u00bb{}\u00bb][\/et_pb_column][et_pb_column type=\u00bb1_6&#8243; _builder_version=\u00bb4.23.1&#8243; _module_preset=\u00bbdefault\u00bb global_colors_info=\u00bb{}\u00bb][\/et_pb_column][et_pb_column type=\u00bb1_6&#8243; _builder_version=\u00bb4.23.1&#8243; _module_preset=\u00bbdefault\u00bb global_colors_info=\u00bb{}\u00bb][\/et_pb_column][et_pb_column type=\u00bb1_6&#8243; _builder_version=\u00bb4.23.1&#8243; _module_preset=\u00bbdefault\u00bb global_colors_info=\u00bb{}\u00bb][\/et_pb_column][\/et_pb_row][\/et_pb_section]<\/p>\n","protected":false},"excerpt":{"rendered":"<p>S\u00f3lo tienes que configurar los horarios de servicios a domicilio para que el software facture por ti todos los meses, emita las remesas bancarias y env\u00ede las facturas a los clientes.El proceso general de facturaci\u00f3n por horas en servicios a domicilio es realmente complejo. Hay que gestionar cientos de servicios, clientes y empleados. Atender las [&hellip;]<\/p>\n","protected":false},"author":1,"featured_media":0,"parent":0,"menu_order":0,"comment_status":"closed","ping_status":"closed","template":"","meta":{"_et_pb_use_builder":"on","_et_pb_old_content":"","_et_gb_content_width":"","footnotes":""},"class_list":["post-467","page","type-page","status-publish","hentry"],"_links":{"self":[{"href":"https:\/\/activasad.com\/index.php\/wp-json\/wp\/v2\/pages\/467","targetHints":{"allow":["GET"]}}],"collection":[{"href":"https:\/\/activasad.com\/index.php\/wp-json\/wp\/v2\/pages"}],"about":[{"href":"https:\/\/activasad.com\/index.php\/wp-json\/wp\/v2\/types\/page"}],"author":[{"embeddable":true,"href":"https:\/\/activasad.com\/index.php\/wp-json\/wp\/v2\/users\/1"}],"replies":[{"embeddable":true,"href":"https:\/\/activasad.com\/index.php\/wp-json\/wp\/v2\/comments?post=467"}],"version-history":[{"count":6,"href":"https:\/\/activasad.com\/index.php\/wp-json\/wp\/v2\/pages\/467\/revisions"}],"predecessor-version":[{"id":485,"href":"https:\/\/activasad.com\/index.php\/wp-json\/wp\/v2\/pages\/467\/revisions\/485"}],"wp:attachment":[{"href":"https:\/\/activasad.com\/index.php\/wp-json\/wp\/v2\/media?parent=467"}],"curies":[{"name":"wp","href":"https:\/\/api.w.org\/{rel}","templated":true}]}}