{"id":486,"date":"2024-08-28T11:31:23","date_gmt":"2024-08-28T11:31:23","guid":{"rendered":"https:\/\/activasad.com\/?page_id=486"},"modified":"2024-08-28T14:27:49","modified_gmt":"2024-08-28T14:27:49","slug":"486-2","status":"publish","type":"page","link":"https:\/\/activasad.com\/index.php\/486-2\/","title":{"rendered":"Registro de servicios y de presencia"},"content":{"rendered":"<p>[et_pb_section fb_built=\u00bb1&#8243; _builder_version=\u00bb4.23.1&#8243; _module_preset=\u00bbfb0a3fbe-5625-4ef5-a77b-06986f337b0e\u00bb da_disable_devices=\u00bboff|off|off\u00bb global_colors_info=\u00bb{}\u00bb da_is_popup=\u00bboff\u00bb da_exit_intent=\u00bboff\u00bb da_has_close=\u00bbon\u00bb da_alt_close=\u00bboff\u00bb da_dark_close=\u00bboff\u00bb da_not_modal=\u00bbon\u00bb da_is_singular=\u00bboff\u00bb da_with_loader=\u00bboff\u00bb da_has_shadow=\u00bbon\u00bb][et_pb_row _builder_version=\u00bb4.23.1&#8243; _module_preset=\u00bbdefault\u00bb global_colors_info=\u00bb{}\u00bb][et_pb_column type=\u00bb4_4&#8243; _builder_version=\u00bb4.23.1&#8243; _module_preset=\u00bbdefault\u00bb global_colors_info=\u00bb{}\u00bb][et_pb_text _builder_version=\u00bb4.23.1&#8243; _dynamic_attributes=\u00bbcontent\u00bb _module_preset=\u00bb8f5048b0-4307-4855-835b-c3e23fa1cc38&#8243; global_colors_info=\u00bb{}\u00bb]@ET-DC@eyJkeW5hbWljIjp0cnVlLCJjb250ZW50IjoicG9zdF90aXRsZSIsInNldHRpbmdzIjp7ImJlZm9yZSI6IiIsImFmdGVyIjoiIn19@[\/et_pb_text][\/et_pb_column][\/et_pb_row][\/et_pb_section][et_pb_section fb_built=\u00bb1&#8243; _builder_version=\u00bb4.23.1&#8243; _module_preset=\u00bbdefault\u00bb da_disable_devices=\u00bboff|off|off\u00bb global_colors_info=\u00bb{}\u00bb da_is_popup=\u00bboff\u00bb da_exit_intent=\u00bboff\u00bb da_has_close=\u00bbon\u00bb da_alt_close=\u00bboff\u00bb da_dark_close=\u00bboff\u00bb da_not_modal=\u00bbon\u00bb da_is_singular=\u00bboff\u00bb da_with_loader=\u00bboff\u00bb da_has_shadow=\u00bbon\u00bb][et_pb_row column_structure=\u00bb1_2,1_2&#8243; _builder_version=\u00bb4.23.1&#8243; _module_preset=\u00bbdefault\u00bb global_colors_info=\u00bb{}\u00bb][et_pb_column type=\u00bb1_2&#8243; _builder_version=\u00bb4.23.1&#8243; _module_preset=\u00bbdefault\u00bb global_colors_info=\u00bb{}\u00bb][et_pb_text _builder_version=\u00bb4.23.1&#8243; _module_preset=\u00bbdefault\u00bb text_font=\u00bbPoppins|600|||||||\u00bb text_text_color=\u00bb#000000&#8243; text_font_size=\u00bb24px\u00bb header_2_font=\u00bbPoppins|600|||||||\u00bb header_2_text_align=\u00bbleft\u00bb global_colors_info=\u00bb{}\u00bb]<\/p>\n<p><span>Automatiza la recogida de horas realizadas por servicios prestados a domicilio y cumple con la legislaci\u00f3n laboral.<\/span><\/p>\n<p>[\/et_pb_text][et_pb_text _builder_version=\u00bb4.23.1&#8243; _module_preset=\u00bbdefault\u00bb global_colors_info=\u00bb{}\u00bb]<\/p>\n<p><span data-contrast=\"auto\">Realizar un seguimiento de las horas trabajadas a domicilio puede ser una labor muy tediosa utilizando partes en papel o sistemas de software no integrados.<\/span><\/p>\n<p>ActivaSAD permite el registro en el movil de los servicios realizados, haciendo f\u00e1cil registrar las horas de entrada \/ salida de cada empleado y con doble verificaci\u00f3n: los clientes pueden hacer seguimiento de los servicios realizados.<\/p>\n<p>El personal de gesti\u00f3n tambi\u00e9n registrar\u00e1 su presencia integrado en el software para cumplir con la legislaci\u00f3n laboral<\/p>\n<p>[\/et_pb_text][et_pb_button button_text=\u00bbCont\u00e1ctanos\u00bb _builder_version=\u00bb4.23.1&#8243; _module_preset=\u00bbdefault\u00bb global_colors_info=\u00bb{}\u00bb][\/et_pb_button][\/et_pb_column][et_pb_column type=\u00bb1_2&#8243; _builder_version=\u00bb4.23.1&#8243; _module_preset=\u00bbdefault\u00bb global_colors_info=\u00bb{}\u00bb][et_pb_text _builder_version=\u00bb4.23.1&#8243; _module_preset=\u00bbdefault\u00bb text_text_color=\u00bb#000000&#8243; custom_padding=\u00bb20px|20px|20px|46px|false|false\u00bb custom_css_free_form=\u00bbul li::marker {||  color: rgb(53,184,230);||}||ul ul li::marker {||  color: rgb(123,201,229);||}\u00bb border_radii=\u00bbon|14px|14px|14px|14px\u00bb box_shadow_style=\u00bbpreset1&#8243; box_shadow_horizontal=\u00bb-14px\u00bb box_shadow_vertical=\u00bb4px\u00bb box_shadow_blur=\u00bb26px\u00bb box_shadow_spread=\u00bb-13px\u00bb global_colors_info=\u00bb{}\u00bb]<\/p>\n<ul>\n<li data-leveltext=\"\u25cf\" data-font=\"\" data-listid=\"6\" data-list-defn-props=\"{&quot;335552541&quot;:1,&quot;335559685&quot;:720,&quot;335559991&quot;:360,&quot;469769242&quot;:[8226],&quot;469777803&quot;:&quot;left&quot;,&quot;469777804&quot;:&quot;\u25cf&quot;,&quot;469777815&quot;:&quot;multilevel&quot;}\" aria-setsize=\"-1\" data-aria-posinset=\"1\" data-aria-level=\"1\">Registro de servicios realizados a domicilio<\/li>\n<li data-leveltext=\"\u25cf\" data-font=\"\" data-listid=\"6\" data-list-defn-props=\"{&quot;335552541&quot;:1,&quot;335559685&quot;:720,&quot;335559991&quot;:360,&quot;469769242&quot;:[8226],&quot;469777803&quot;:&quot;left&quot;,&quot;469777804&quot;:&quot;\u25cf&quot;,&quot;469777815&quot;:&quot;multilevel&quot;}\" aria-setsize=\"-1\" data-aria-posinset=\"1\" data-aria-level=\"1\">Control presencia con<strong><span>\u00a0<\/span>geolocalizaci\u00f3n<\/strong><span>\u00a0<\/span>e IP<\/li>\n<li data-leveltext=\"\u25cf\" data-font=\"\" data-listid=\"6\" data-list-defn-props=\"{&quot;335552541&quot;:1,&quot;335559685&quot;:720,&quot;335559991&quot;:360,&quot;469769242&quot;:[8226],&quot;469777803&quot;:&quot;left&quot;,&quot;469777804&quot;:&quot;\u25cf&quot;,&quot;469777815&quot;:&quot;multilevel&quot;}\" aria-setsize=\"-1\" data-aria-posinset=\"1\" data-aria-level=\"1\"><strong>Seguimiento horas realizadas<\/strong><span>\u00a0<\/span>empleados y gesti\u00f3n incidencias<\/li>\n<li data-leveltext=\"\u25cf\" data-font=\"\" data-listid=\"6\" data-list-defn-props=\"{&quot;335552541&quot;:1,&quot;335559685&quot;:720,&quot;335559991&quot;:360,&quot;469769242&quot;:[8226],&quot;469777803&quot;:&quot;left&quot;,&quot;469777804&quot;:&quot;\u25cf&quot;,&quot;469777815&quot;:&quot;multilevel&quot;}\" aria-setsize=\"-1\" data-aria-posinset=\"1\" data-aria-level=\"1\">Computo anual, mensual, semanal de<span>\u00a0<\/span><strong>horas previstas \/ realizadas<\/strong>.<\/li>\n<li data-leveltext=\"\u25cf\" data-font=\"\" data-listid=\"6\" data-list-defn-props=\"{&quot;335552541&quot;:1,&quot;335559685&quot;:720,&quot;335559991&quot;:360,&quot;469769242&quot;:[8226],&quot;469777803&quot;:&quot;left&quot;,&quot;469777804&quot;:&quot;\u25cf&quot;,&quot;469777815&quot;:&quot;multilevel&quot;}\" aria-setsize=\"-1\" data-aria-posinset=\"1\" data-aria-level=\"1\">Gesti\u00f3n de<span>\u00a0<\/span><strong>vacaciones, bajas y otras ausencias<\/strong>.<\/li>\n<li data-leveltext=\"\u25cf\" data-font=\"\" data-listid=\"6\" data-list-defn-props=\"{&quot;335552541&quot;:1,&quot;335559685&quot;:720,&quot;335559991&quot;:360,&quot;469769242&quot;:[8226],&quot;469777803&quot;:&quot;left&quot;,&quot;469777804&quot;:&quot;\u25cf&quot;,&quot;469777815&quot;:&quot;multilevel&quot;}\" aria-setsize=\"-1\" data-aria-posinset=\"1\" data-aria-level=\"1\">Alertas automatizadas.<\/li>\n<\/ul>\n<p>[\/et_pb_text][\/et_pb_column][\/et_pb_row][et_pb_row _builder_version=\u00bb4.23.1&#8243; _module_preset=\u00bbdefault\u00bb global_colors_info=\u00bb{}\u00bb][et_pb_column type=\u00bb4_4&#8243; _builder_version=\u00bb4.23.1&#8243; _module_preset=\u00bbdefault\u00bb global_colors_info=\u00bb{}\u00bb][et_pb_gallery gallery_ids=\u00bb488&#8243; fullwidth=\u00bbon\u00bb _builder_version=\u00bb4.23.1&#8243; _module_preset=\u00bbdefault\u00bb hover_enabled=\u00bb0&#8243; global_colors_info=\u00bb{}\u00bb sticky_enabled=\u00bb0&#8243;][\/et_pb_gallery][et_pb_text _builder_version=\u00bb4.23.1&#8243; _module_preset=\u00bbdefault\u00bb global_colors_info=\u00bb{}\u00bb]<\/p>\n<h2 style=\"text-align: center;\"><strong>Con ActivaSAD<\/strong><\/h2>\n<ul>\n<li>Planifica los horarios y localizaciones de los servicios a domicilio que deben realizar y las actividades que deben completar de forma automatizada. Adem\u00e1s, crea con un click servicios puntuales o modifica horarios planficados.<\/li>\n<li>Los empleados de servicios a domicilio acceden<span>\u00a0<\/span><strong>desde su movil<\/strong><span>\u00a0<\/span>a los servicios y indican:\n<ul>\n<li>la<span>\u00a0<\/span><strong>hora real<\/strong><span>\u00a0<\/span>de entrada y salida.<\/li>\n<li><strong>Actividades desarrolladas<\/strong><span>\u00a0<\/span>durante el servicio<\/li>\n<li>Observaciones e<span>\u00a0<\/span><strong>incidencias<\/strong><span>\u00a0<\/span>producidas<\/li>\n<\/ul>\n<\/li>\n<li>A su vez,<span>\u00a0<\/span><strong>los clientes pueden confirmar horarios<\/strong><span>\u00a0<\/span>previstos, actividades realizadas y grado de satisfacci\u00f3n con el servicio prestado desde el Portal de Familias.<\/li>\n<li>El registro horario guarda las horas previstas, la<span>\u00a0<\/span><span>hora de entrada\/salida real, la geolocalizaci\u00f3n y datos dispositivo utilizado<\/span><span>\u00a0<\/span>para su posterior gesti\u00f3n y para dar<span>\u00a0<\/span><strong>cumplimiento a la legislaci\u00f3n<\/strong><span>\u00a0<\/span>vigente en materia de registro de horario.<\/li>\n<li>Cumple con la legislaci\u00f3n laboral de registro de presencia. Para los<span>\u00a0<\/span><strong>empleados de oficina, coordinadores y otro personal de gesti\u00f3n<\/strong>:\n<ul>\n<li>Aplicaci\u00f3n m\u00f3vil de registro de presencia.<\/li>\n<li>C\u00f3mputo de jornada de trabajo anual, festivos, vacaciones, bajas y otras ausencias.<\/li>\n<\/ul>\n<\/li>\n<li>Administraci\u00f3n de los horarios de los trabajadores<\/li>\n<\/ul>\n<p>[\/et_pb_text][\/et_pb_column][\/et_pb_row][\/et_pb_section][et_pb_section fb_built=\u00bb1&#8243; _builder_version=\u00bb4.23.1&#8243; _module_preset=\u00bbdefault\u00bb da_disable_devices=\u00bboff|off|off\u00bb global_colors_info=\u00bb{}\u00bb da_is_popup=\u00bboff\u00bb da_exit_intent=\u00bboff\u00bb da_has_close=\u00bbon\u00bb da_alt_close=\u00bboff\u00bb da_dark_close=\u00bboff\u00bb da_not_modal=\u00bbon\u00bb da_is_singular=\u00bboff\u00bb da_with_loader=\u00bboff\u00bb da_has_shadow=\u00bbon\u00bb][et_pb_row column_structure=\u00bb1_6,1_6,1_6,1_6,1_6,1_6&#8243; _builder_version=\u00bb4.23.1&#8243; _module_preset=\u00bbdefault\u00bb global_colors_info=\u00bb{}\u00bb][et_pb_column type=\u00bb1_6&#8243; _builder_version=\u00bb4.23.1&#8243; _module_preset=\u00bbdefault\u00bb global_colors_info=\u00bb{}\u00bb][\/et_pb_column][et_pb_column type=\u00bb1_6&#8243; _builder_version=\u00bb4.23.1&#8243; _module_preset=\u00bbdefault\u00bb global_colors_info=\u00bb{}\u00bb][\/et_pb_column][et_pb_column type=\u00bb1_6&#8243; _builder_version=\u00bb4.23.1&#8243; _module_preset=\u00bbdefault\u00bb global_colors_info=\u00bb{}\u00bb][\/et_pb_column][et_pb_column type=\u00bb1_6&#8243; _builder_version=\u00bb4.23.1&#8243; _module_preset=\u00bbdefault\u00bb global_colors_info=\u00bb{}\u00bb][\/et_pb_column][et_pb_column type=\u00bb1_6&#8243; _builder_version=\u00bb4.23.1&#8243; _module_preset=\u00bbdefault\u00bb global_colors_info=\u00bb{}\u00bb][\/et_pb_column][et_pb_column type=\u00bb1_6&#8243; _builder_version=\u00bb4.23.1&#8243; _module_preset=\u00bbdefault\u00bb global_colors_info=\u00bb{}\u00bb][\/et_pb_column][\/et_pb_row][\/et_pb_section]<\/p>\n","protected":false},"excerpt":{"rendered":"<p>Automatiza la recogida de horas realizadas por servicios prestados a domicilio y cumple con la legislaci\u00f3n laboral.Realizar un seguimiento de las horas trabajadas a domicilio puede ser una labor muy tediosa utilizando partes en papel o sistemas de software no integrados. ActivaSAD permite el registro en el movil de los servicios realizados, haciendo f\u00e1cil registrar [&hellip;]<\/p>\n","protected":false},"author":1,"featured_media":0,"parent":0,"menu_order":0,"comment_status":"closed","ping_status":"closed","template":"","meta":{"_et_pb_use_builder":"on","_et_pb_old_content":"","_et_gb_content_width":"","footnotes":""},"class_list":["post-486","page","type-page","status-publish","hentry"],"_links":{"self":[{"href":"https:\/\/activasad.com\/index.php\/wp-json\/wp\/v2\/pages\/486","targetHints":{"allow":["GET"]}}],"collection":[{"href":"https:\/\/activasad.com\/index.php\/wp-json\/wp\/v2\/pages"}],"about":[{"href":"https:\/\/activasad.com\/index.php\/wp-json\/wp\/v2\/types\/page"}],"author":[{"embeddable":true,"href":"https:\/\/activasad.com\/index.php\/wp-json\/wp\/v2\/users\/1"}],"replies":[{"embeddable":true,"href":"https:\/\/activasad.com\/index.php\/wp-json\/wp\/v2\/comments?post=486"}],"version-history":[{"count":4,"href":"https:\/\/activasad.com\/index.php\/wp-json\/wp\/v2\/pages\/486\/revisions"}],"predecessor-version":[{"id":502,"href":"https:\/\/activasad.com\/index.php\/wp-json\/wp\/v2\/pages\/486\/revisions\/502"}],"wp:attachment":[{"href":"https:\/\/activasad.com\/index.php\/wp-json\/wp\/v2\/media?parent=486"}],"curies":[{"name":"wp","href":"https:\/\/api.w.org\/{rel}","templated":true}]}}